{"id":5514,"date":"2024-08-14T12:09:46","date_gmt":"2024-08-14T10:09:46","guid":{"rendered":"https:\/\/ecabstech.com\/product\/"},"modified":"2026-02-24T11:09:23","modified_gmt":"2026-02-24T10:09:23","slug":"produkt","status":"publish","type":"page","link":"https:\/\/ecabstech.com\/de\/produkt\/","title":{"rendered":"Produkt"},"content":{"rendered":"\n<style type=\"text\/css\" data-created_by=\"avia_inline_auto\" id=\"style-css-av-53cgz7-b760696b3319f9a68440093a96e33280\">\n.avia-section.av-53cgz7-b760696b3319f9a68440093a96e33280{\nbackground-repeat:no-repeat;\nbackground-image:url(https:\/\/ecabstech.com\/wp-content\/uploads\/2024\/08\/e564450cf138d73e2c6f895d1825bc57.webp);\nbackground-position:50% 50%;\nbackground-attachment:scroll;\n}\n.avia-section.av-53cgz7-b760696b3319f9a68440093a96e33280 .av-section-color-overlay{\nopacity:0.5;\n}\n<\/style>\n<div id='av_section_1'  class='avia-section av-53cgz7-b760696b3319f9a68440093a96e33280 main_color avia-section-default avia-no-border-styling  avia-builder-el-0  el_before_av_section  avia-builder-el-first  home_header_cont page_header_cont avia-full-stretch avia-bg-style-scroll av-section-color-overlay-active av-minimum-height av-minimum-height-custom  container_wrap fullsize'  data-section-bg-repeat='stretch' data-av_minimum_height_px='734'><div class=\"av-section-color-overlay-wrap\"><div class=\"av-section-color-overlay\"><\/div><div class='container av-section-cont-open' style='height:734px'><main  role=\"main\" itemprop=\"mainContentOfPage\"  class='template-page content  av-content-full alpha units'><div class='post-entry post-entry-type-page post-entry-5514'><div class='entry-content-wrapper clearfix'>\n\n<style type=\"text\/css\" data-created_by=\"avia_inline_auto\" id=\"style-css-av-4wmj3n-32d5d19af1da274e4a6c6d89db52ee16\">\n.flex_column.av-4wmj3n-32d5d19af1da274e4a6c6d89db52ee16{\n-webkit-border-radius:0px 0px 0px 0px;\n-moz-border-radius:0px 0px 0px 0px;\nborder-radius:0px 0px 0px 0px;\npadding:0px 0px 0px 0px;\n}\n<\/style>\n<div class='flex_column av-4wmj3n-32d5d19af1da274e4a6c6d89db52ee16 av_one_full  avia-builder-el-1  avia-builder-el-no-sibling  first flex_column_div av-zero-column-padding '     ><br \/>\n\n<style type=\"text\/css\" data-created_by=\"avia_inline_auto\" id=\"style-css-av-4hk2jv-443c05759b3d2f069c18bdd56b038f4a\">\n#top .av-special-heading.av-4hk2jv-443c05759b3d2f069c18bdd56b038f4a{\npadding-bottom:0;\n}\nbody .av-special-heading.av-4hk2jv-443c05759b3d2f069c18bdd56b038f4a .av-special-heading-tag .heading-char{\nfont-size:25px;\n}\n.av-special-heading.av-4hk2jv-443c05759b3d2f069c18bdd56b038f4a .av-subheading{\nfont-size:15px;\n}\n<\/style>\n<div  class='av-special-heading av-4hk2jv-443c05759b3d2f069c18bdd56b038f4a av-special-heading-h1 blockquote modern-quote  avia-builder-el-3  el_after_av_codeblock  avia-builder-el-last  main_section_title main_section_title_larger marg_top_24 main_section_title_white'><h1 class='av-special-heading-tag'  itemprop=\"headline\"  >Entdecken Sie die Technologie<\/h1><div class=\"special-heading-border\"><div class=\"special-heading-inner-border\"><\/div><\/div><\/div><\/p><\/div>\n\n<\/div><\/div><\/main><!-- close content main element --><\/div><\/div><\/div><div id='av_section_2'  class='avia-section av-2wpa4z-73763ef09a701dd96a0f4543e00c6110 main_color avia-section-default avia-no-border-styling  avia-builder-el-4  el_after_av_section  el_before_av_section  home_blue_box_cont product_logos_sect avia-bg-style-scroll container_wrap fullsize'  ><div class='container av-section-cont-open' ><div class='template-page content  av-content-full alpha units'><div class='post-entry post-entry-type-page post-entry-5514'><div class='entry-content-wrapper clearfix'>\n<div class='flex_column_table av-2t123v-81512610357312371dd4443a935714f6 sc-av_three_fifth av-break-at-tablet-flextable av-equal-height-column-flextable'><div class='flex_column av-2t123v-81512610357312371dd4443a935714f6 av_three_fifth  avia-builder-el-5  el_before_av_two_fifth  avia-builder-el-first  no_mob_marg_bot invalid-custom-class-found first av-break-at-tablet flex_column_table_cell av-equal-height-column av-align-middle '     ><style type=\"text\/css\" data-created_by=\"avia_inline_auto\" id=\"style-css-av-2llgmb-a7740f97dcce2a11df200778e84fa6d6\">\n#top .av-special-heading.av-2llgmb-a7740f97dcce2a11df200778e84fa6d6{\npadding-bottom:0;\n}\nbody .av-special-heading.av-2llgmb-a7740f97dcce2a11df200778e84fa6d6 .av-special-heading-tag .heading-char{\nfont-size:25px;\n}\n.av-special-heading.av-2llgmb-a7740f97dcce2a11df200778e84fa6d6 .av-subheading{\nfont-size:15px;\n}\n<\/style>\n<div  class='av-special-heading av-2llgmb-a7740f97dcce2a11df200778e84fa6d6 av-special-heading-h1 blockquote modern-quote  avia-builder-el-6  avia-builder-el-no-sibling  main_section_title main_section_title_larger'><h1 class='av-special-heading-tag'  itemprop=\"headline\"  >Bew\u00e4hrte, zukunftssichere Technologie f\u00fcr Taxi- und On-Demand-Fahrdienste.<\/h1><div class=\"special-heading-border\"><div class=\"special-heading-inner-border\"><\/div><\/div><\/div><\/div><div class='av-flex-placeholder'><\/div><div class='flex_column av-as0tv-188d6feeedc0d75685de3b6993c1adb1 av_two_fifth  avia-builder-el-7  el_after_av_three_fifth  el_before_av_one_full  no_mob_marg_bot invalid-custom-class-found av-break-at-tablet flex_column_table_cell av-equal-height-column av-align-middle '     ><section  class='av_textblock_section av-mdpwsyzh-b33f897a2a436c17a5e8bdb60ad5e555'  itemscope=\"itemscope\" itemtype=\"https:\/\/schema.org\/CreativeWork\" ><div class='avia_textblock main_p_cont mob_marg_top_16 hide_brs_mob'  itemprop=\"text\" ><p><span style=\"font-weight: 400;\">eCabs Technologies bietet ein leistungsstarkes, umfassendes Toolset, das die operative Effizienz steigert, die Rentabilit\u00e4t maximiert und die Zufriedenheit von Fahrg\u00e4sten und Fahrern erh\u00f6ht.<\/span><\/p>\n<\/div><\/section><\/div><\/div><!--close column table wrapper. Autoclose: 1 --><div class='flex_column av-greor-56e336544531ed81dcc52b01ec7abe56 av_one_full  avia-builder-el-9  el_after_av_two_fifth  el_before_av_one_full  hidesection first flex_column_div '     ><\/div><div class='flex_column av-13rsj-46aa5564827c7a3e360c79af719b7415 av_one_full  avia-builder-el-11  el_after_av_one_full  avia-builder-el-last  first flex_column_div column-top-margin'     ><\/div>\n\n<\/div><\/div><\/div><!-- close content main div --><\/div><\/div><div id='av_section_3'  class='avia-section av-gufhf-1799090bc0ef6ae6f4626b1a9ff8c4c5 main_color avia-section-default avia-no-border-styling  avia-builder-el-13  el_after_av_section  el_before_av_section  padd_top_120 padd_bot_120 avia-bg-style-scroll container_wrap fullsize'  ><div class='container av-section-cont-open' ><div class='template-page content  av-content-full alpha units'><div class='post-entry post-entry-type-page post-entry-5514'><div class='entry-content-wrapper clearfix'>\n<div class='flex_column av-ayqcb-222e6ce3db3402ab32a4c55bc363439f av_one_full  avia-builder-el-14  avia-builder-el-no-sibling  no_mob_marg_bot first flex_column_div '     ><p>\n<style type=\"text\/css\" data-created_by=\"avia_inline_auto\" id=\"style-css-av-mdpverhe-1aef21263c1f4daf0e729699ca89aee7\">\n#top .av-special-heading.av-mdpverhe-1aef21263c1f4daf0e729699ca89aee7{\npadding-bottom:0;\n}\nbody .av-special-heading.av-mdpverhe-1aef21263c1f4daf0e729699ca89aee7 .av-special-heading-tag .heading-char{\nfont-size:25px;\n}\n.av-special-heading.av-mdpverhe-1aef21263c1f4daf0e729699ca89aee7 .av-subheading{\nfont-size:15px;\n}\n<\/style>\n<div  class='av-special-heading av-mdpverhe-1aef21263c1f4daf0e729699ca89aee7 av-special-heading-h3 blockquote modern-quote modern-centered  avia-builder-el-15  el_before_av_codeblock  avia-builder-el-first  main_section_title main_section_title_large main_section_title_32_mob'><h3 class='av-special-heading-tag'  itemprop=\"headline\"  >Nahtlose Steuerung<br \/>\nvon On-Demand-Fahrdiensten<\/h3><div class=\"special-heading-border\"><div class=\"special-heading-inner-border\"><\/div><\/div><\/div><br \/>\n<\/p><\/div>\n\n<\/div><\/div><\/div><!-- close content main div --><\/div><\/div><div id='av_section_4'  class='avia-section av-3g0r6b-12196d1170bead79ed863b1c531eba54 main_color avia-section-default avia-no-border-styling  avia-builder-el-17  el_after_av_section  el_before_av_section  home_blue_box_cont no_border_radius google_maps_platform_sect products_boxes_cont padd_bot_20 companies_slider_cont av-desktop-hide av-medium-hide av-small-hide av-mini-hide avia-bg-style-scroll container_wrap fullsize'  ><div class='container av-section-cont-open' ><div class='template-page content  av-content-full alpha units'><div class='post-entry post-entry-type-page post-entry-5514'><div class='entry-content-wrapper clearfix'>\n<div class='flex_column av-3asagb-3ffefef7163ab095c2b604f9d759f739 av_one_full  avia-builder-el-18  avia-builder-el-no-sibling  home_blue_box no_mob_marg_bot invalid-custom-class-found first flex_column_div '     ><\/div>\n\n<\/div><\/div><\/div><!-- close content main div --><\/div><\/div><div id='av_section_5'  class='avia-section av-qi9uz-ca26781c5c6d41b571cdf0a2b9cb7f62 main_color avia-section-default avia-no-border-styling  avia-builder-el-20  el_after_av_section  el_before_av_section  home_blue_box_cont product_icon_list_sect avia-bg-style-scroll container_wrap fullsize'  ><div class='container av-section-cont-open' ><div class='template-page content  av-content-full alpha units'><div class='post-entry post-entry-type-page post-entry-5514'><div class='entry-content-wrapper clearfix'>\n<div class='flex_column av-kjrmz-d76e38a359d6c151df15e822a4f781a6 av_one_full  avia-builder-el-21  avia-builder-el-no-sibling  home_blue_box no_mob_marg_bot invalid-custom-class-found first flex_column_div '     ><p>\n<style type=\"text\/css\" data-created_by=\"avia_inline_auto\" id=\"style-css-av-dk9mj-a3d5f10aabacd693e7a7ed42c983a261\">\n#top .av-special-heading.av-dk9mj-a3d5f10aabacd693e7a7ed42c983a261{\npadding-bottom:0;\n}\nbody .av-special-heading.av-dk9mj-a3d5f10aabacd693e7a7ed42c983a261 .av-special-heading-tag .heading-char{\nfont-size:25px;\n}\n.av-special-heading.av-dk9mj-a3d5f10aabacd693e7a7ed42c983a261 .av-subheading{\nfont-size:15px;\n}\n<\/style>\n<div  class='av-special-heading av-dk9mj-a3d5f10aabacd693e7a7ed42c983a261 av-special-heading-h4 blockquote modern-quote  avia-builder-el-22  el_before_av_codeblock  avia-builder-el-first  main_section_title main_section_title_larger hide_brs'><h4 class='av-special-heading-tag'  itemprop=\"headline\"  >Machen Sie Ihr Unternehmen zukunftssicher \u2013 mit eCabs Technologies.<\/h4><div class=\"special-heading-border\"><div class=\"special-heading-inner-border\"><\/div><\/div><\/div><br \/>\n<\/p><\/div><\/div><\/div><\/div><!-- close content main div --><\/div><\/div><div id='av_section_6'  class='avia-section av-28uqqb-538bf08a1c7034e1dceefff3ba150b41 main_color avia-section-default avia-no-border-styling  avia-builder-el-24  el_after_av_section  el_before_av_section  img_sect_title avia-bg-style-scroll container_wrap fullsize'  ><div class='container av-section-cont-open' ><div class='template-page content  av-content-full alpha units'><div class='post-entry post-entry-type-page post-entry-5514'><div class='entry-content-wrapper clearfix'>\n<div class='flex_column av-24uorv-2395c12da4bfd6332facc9c28d4d1630 av_one_full  avia-builder-el-25  avia-builder-el-no-sibling  no_mob_marg_bot invalid-custom-class-found first flex_column_div '     ><p>\n<style type=\"text\/css\" data-created_by=\"avia_inline_auto\" id=\"style-css-av-1upvab-54c1ea0edc5c309cee81b1516fc1d939\">\n#top .av-special-heading.av-1upvab-54c1ea0edc5c309cee81b1516fc1d939{\npadding-bottom:0;\n}\nbody .av-special-heading.av-1upvab-54c1ea0edc5c309cee81b1516fc1d939 .av-special-heading-tag .heading-char{\nfont-size:25px;\n}\n.av-special-heading.av-1upvab-54c1ea0edc5c309cee81b1516fc1d939 .av-subheading{\nfont-size:15px;\n}\n<\/style>\n<div  class='av-special-heading av-1upvab-54c1ea0edc5c309cee81b1516fc1d939 av-special-heading-h4 blockquote modern-quote modern-centered  avia-builder-el-26  el_before_av_textblock  avia-builder-el-first  main_section_title main_section_title_larger hide_brs'><h4 class='av-special-heading-tag'  itemprop=\"headline\"  >Die europ\u00e4ische Taxi- und<br \/>\nOn-Demand-Fahrdienste-Branche w\u00e4chst j\u00e4hrlich um 15%+.<br \/>\nWachsen Sie mit?<\/h4><div class=\"special-heading-border\"><div class=\"special-heading-inner-border\"><\/div><\/div><\/div><br \/>\n<section  class='av_textblock_section av-1s9xe3-65230517ba894329f67b3badc610e1e2'  itemscope=\"itemscope\" itemtype=\"https:\/\/schema.org\/CreativeWork\" ><div class='avia_textblock main_p_cont marg_top_32 hide_brs'  itemprop=\"text\" ><p style=\"text-align: center;\"><span style=\"font-weight: 400;\">Wir haben uns in den wettbewerbsintensivsten M\u00e4rkten durchgesetzt \u2013<br \/>\nund geben unseren Partnern Einblicke, die direkt zu ihren konkreten Herausforderungen passen.<\/span><\/p>\n<\/div><\/section><br \/>\n<div  class='avia-button-wrap av-1n03ab-e1387925a58bced228c576b33656a6dc-wrap avia-button-center  avia-builder-el-28  el_after_av_textblock  avia-builder-el-last  main_btn_cont marg_top_32' ><a href='https:\/\/ecabstech.com\/de\/ueber-uns\/'  class='avia-button av-1n03ab-e1387925a58bced228c576b33656a6dc avia-icon_select-no avia-size-small avia-position-center avia-color-theme-color' ><span class='avia_iconbox_title' >Unsere Geschichte entdecken <i class=\"btn_icon bg_contain bg_center bg_no_repeat\"><\/i><\/span><\/a><\/div><\/p><\/div>\n<\/p>\n<\/div><\/div><\/div><!-- close content main div --><\/div><\/div><div id='av_section_7'  class='avia-section av-571hn-0e0c7f6f7d6d509f1e051818772ffa02 main_color avia-section-default avia-no-border-styling  avia-builder-el-29  el_after_av_section  el_before_av_section  product_img_sect avia-bg-style-scroll container_wrap fullsize'  ><div class='container av-section-cont-open' ><div class='template-page content  av-content-full alpha units'><div class='post-entry post-entry-type-page post-entry-5514'><div class='entry-content-wrapper clearfix'>\n\n<style type=\"text\/css\" data-created_by=\"avia_inline_auto\" id=\"style-css-av-1abtcz-f3203c2102e0baebc9d56140897d9446\">\n.flex_column.av-1abtcz-f3203c2102e0baebc9d56140897d9446{\nbackground:url(https:\/\/ecabstech.com\/wp-content\/uploads\/2024\/08\/image-32.png) 50% 100% no-repeat scroll ;\n}\n<\/style>\n<div class='flex_column av-1abtcz-f3203c2102e0baebc9d56140897d9446 av_one_full  avia-builder-el-30  avia-builder-el-no-sibling  no_mob_marg_bot invalid-custom-class-found first flex_column_div avia-full-stretch '     ><\/div>\n\n<\/div><\/div><\/div><!-- close content main div --><\/div><\/div><div id='av_section_8'  class='avia-section av-452z7-e36344bd2ed70a489f208d57dc07daf2 main_color avia-section-default avia-no-border-styling  avia-builder-el-31  el_after_av_section  avia-builder-el-last  footer_img_cont product_img_text_sect avia-bg-style-scroll container_wrap fullsize'  ><div class='container av-section-cont-open' ><div class='template-page content  av-content-full alpha units'><div class='post-entry post-entry-type-page post-entry-5514'><div class='entry-content-wrapper clearfix'>\n\n<style type=\"text\/css\" data-created_by=\"avia_inline_auto\" id=\"style-css-av-v9xn7-8a7d562e9bb2bd330681a8d611a87be8\">\n.flex_column.av-v9xn7-8a7d562e9bb2bd330681a8d611a87be8{\nbackground:url(https:\/\/ecabstech.com\/wp-content\/uploads\/2024\/09\/eCabs-Office-Pizza-066.jpg) 50% 50% no-repeat scroll ;\n}\n<\/style>\n<div class='flex_column av-v9xn7-8a7d562e9bb2bd330681a8d611a87be8 av_one_full  avia-builder-el-32  avia-builder-el-no-sibling  footer_img_inner_cont no_mob_marg_bot invalid-custom-class-found first flex_column_div avia-full-stretch '     ><p>\n<style type=\"text\/css\" data-created_by=\"avia_inline_auto\" id=\"style-css-av-smvkr-b6b2e90527f2717bfa13f3f9001e0603\">\n#top .av-special-heading.av-smvkr-b6b2e90527f2717bfa13f3f9001e0603{\npadding-bottom:0;\n}\nbody .av-special-heading.av-smvkr-b6b2e90527f2717bfa13f3f9001e0603 .av-special-heading-tag .heading-char{\nfont-size:25px;\n}\n.av-special-heading.av-smvkr-b6b2e90527f2717bfa13f3f9001e0603 .av-subheading{\nfont-size:15px;\n}\n<\/style>\n<div  class='av-special-heading av-smvkr-b6b2e90527f2717bfa13f3f9001e0603 av-special-heading-h3 blockquote modern-quote  avia-builder-el-33  el_before_av_heading  avia-builder-el-first  main_section_sub_title'><h3 class='av-special-heading-tag'  itemprop=\"headline\"  >Lassen Sie uns sprechen<\/h3><div class=\"special-heading-border\"><div class=\"special-heading-inner-border\"><\/div><\/div><\/div><br \/>\n\n<style type=\"text\/css\" data-created_by=\"avia_inline_auto\" id=\"style-css-av-jpw0r-2e61acfd30bd8f3e700aa3c566dccc52\">\n#top .av-special-heading.av-jpw0r-2e61acfd30bd8f3e700aa3c566dccc52{\npadding-bottom:0;\n}\nbody .av-special-heading.av-jpw0r-2e61acfd30bd8f3e700aa3c566dccc52 .av-special-heading-tag .heading-char{\nfont-size:25px;\n}\n.av-special-heading.av-jpw0r-2e61acfd30bd8f3e700aa3c566dccc52 .av-subheading{\nfont-size:15px;\n}\n<\/style>\n<div  class='av-special-heading av-jpw0r-2e61acfd30bd8f3e700aa3c566dccc52 av-special-heading-h3 blockquote modern-quote  avia-builder-el-34  el_after_av_heading  el_before_av_heading  main_header_title av-small-hide av-mini-hide'><h3 class='av-special-heading-tag'  itemprop=\"headline\"  >Entdecken Sie, wie eCabs Technologies<br \/>\nIhr Fahrtenvermittlungs-Unternehmen<br \/>\ntransformieren kann.<\/h3><div class=\"special-heading-border\"><div class=\"special-heading-inner-border\"><\/div><\/div><\/div><br \/>\n\n<style type=\"text\/css\" data-created_by=\"avia_inline_auto\" id=\"style-css-av-m9qpsgpn-757ba18b98b4bce7b3f036863407db09\">\n#top .av-special-heading.av-m9qpsgpn-757ba18b98b4bce7b3f036863407db09{\npadding-bottom:0;\n}\nbody .av-special-heading.av-m9qpsgpn-757ba18b98b4bce7b3f036863407db09 .av-special-heading-tag .heading-char{\nfont-size:25px;\n}\n.av-special-heading.av-m9qpsgpn-757ba18b98b4bce7b3f036863407db09 .av-subheading{\nfont-size:15px;\n}\n<\/style>\n<div  class='av-special-heading av-m9qpsgpn-757ba18b98b4bce7b3f036863407db09 av-special-heading-h3 blockquote modern-quote  avia-builder-el-35  el_after_av_heading  el_before_av_textblock  main_header_title av-desktop-hide av-medium-hide'><h3 class='av-special-heading-tag'  itemprop=\"headline\"  >Entdecken Sie, wie eCabs Technologies Ihr Fahrtenvermittlungs-Unternehmen transformieren kann.<\/h3><div class=\"special-heading-border\"><div class=\"special-heading-inner-border\"><\/div><\/div><\/div><br \/>\n<section  class='av_textblock_section av-dgkwr-e5cdff3cfcc983d6e678a5e484d0f654'  itemscope=\"itemscope\" itemtype=\"https:\/\/schema.org\/CreativeWork\" ><div class='avia_textblock main_p_cont main_p_cont_white'  itemprop=\"text\" ><p><span style=\"font-weight: 400;\">Kontaktieren Sie uns, um unsere innovativen L\u00f6sungen kennenzulernen<br \/>\nund Ihr Unternehmen f\u00fcr Wachstum im digitalen Zeitalter der On-Demand-Fahrdienste aufzustellen.<\/span><\/p>\n<\/div><\/section><br \/>\n<div  class='avia-button-wrap av-72zh7-f83ac4be97bd7c83dd144c96bca216a0-wrap avia-button-left  avia-builder-el-37  el_after_av_textblock  avia-builder-el-last  main_btn_cont' ><a href='https:\/\/ecabstech.com\/de\/kontakt\/'  class='avia-button av-72zh7-f83ac4be97bd7c83dd144c96bca216a0 avia-icon_select-no avia-size-small avia-position-left avia-color-theme-color' ><span class='avia_iconbox_title' >Beratung anfragen <i class=\"btn_icon bg_contain bg_center bg_no_repeat\"><\/i><\/span><\/a><\/div><\/p><\/div>\n","protected":false},"excerpt":{"rendered":"","protected":false},"author":2,"featured_media":0,"parent":0,"menu_order":0,"comment_status":"closed","ping_status":"closed","template":"","meta":{"_acf_changed":false,"footnotes":""},"class_list":["post-5514","page","type-page","status-publish","hentry"],"acf":[],"yoast_head":"<!-- This site is optimized with the Yoast SEO plugin v26.9 - https:\/\/yoast.com\/product\/yoast-seo-wordpress\/ -->\n<title>Produkt - eCabs Technologies<\/title>\n<meta name=\"robots\" content=\"index, follow, max-snippet:-1, max-image-preview:large, max-video-preview:-1\" \/>\n<link rel=\"canonical\" href=\"https:\/\/ecabstech.com\/de\/produkt\/\" \/>\n<meta property=\"og:locale\" content=\"de_DE\" \/>\n<meta property=\"og:type\" content=\"article\" \/>\n<meta property=\"og:title\" content=\"Produkt - eCabs Technologies\" \/>\n<meta property=\"og:url\" content=\"https:\/\/ecabstech.com\/de\/produkt\/\" \/>\n<meta property=\"og:site_name\" content=\"eCabs Technologies\" \/>\n<meta property=\"article:modified_time\" content=\"2026-02-24T10:09:23+00:00\" \/>\n<meta name=\"twitter:card\" content=\"summary_large_image\" \/>\n<meta name=\"twitter:label1\" content=\"Gesch\u00e4tzte Lesezeit\" \/>\n\t<meta name=\"twitter:data1\" content=\"1\u00a0Minute\" \/>\n<script type=\"application\/ld+json\" class=\"yoast-schema-graph\">{\"@context\":\"https:\/\/schema.org\",\"@graph\":[{\"@type\":\"WebPage\",\"@id\":\"https:\/\/ecabstech.com\/de\/produkt\/\",\"url\":\"https:\/\/ecabstech.com\/de\/produkt\/\",\"name\":\"Produkt - eCabs Technologies\",\"isPartOf\":{\"@id\":\"https:\/\/ecabstech.com\/de\/#website\"},\"datePublished\":\"2024-08-14T10:09:46+00:00\",\"dateModified\":\"2026-02-24T10:09:23+00:00\",\"breadcrumb\":{\"@id\":\"https:\/\/ecabstech.com\/de\/produkt\/#breadcrumb\"},\"inLanguage\":\"de\",\"potentialAction\":[{\"@type\":\"ReadAction\",\"target\":[\"https:\/\/ecabstech.com\/de\/produkt\/\"]}]},{\"@type\":\"BreadcrumbList\",\"@id\":\"https:\/\/ecabstech.com\/de\/produkt\/#breadcrumb\",\"itemListElement\":[{\"@type\":\"ListItem\",\"position\":1,\"name\":\"Home\",\"item\":\"https:\/\/ecabstech.com\/de\/\"},{\"@type\":\"ListItem\",\"position\":2,\"name\":\"Produkt\"}]},{\"@type\":\"WebSite\",\"@id\":\"https:\/\/ecabstech.com\/de\/#website\",\"url\":\"https:\/\/ecabstech.com\/de\/\",\"name\":\"eCabs Technologies\",\"description\":\"\",\"publisher\":{\"@id\":\"https:\/\/ecabstech.com\/de\/#organization\"},\"potentialAction\":[{\"@type\":\"SearchAction\",\"target\":{\"@type\":\"EntryPoint\",\"urlTemplate\":\"https:\/\/ecabstech.com\/de\/?s={search_term_string}\"},\"query-input\":{\"@type\":\"PropertyValueSpecification\",\"valueRequired\":true,\"valueName\":\"search_term_string\"}}],\"inLanguage\":\"de\"},{\"@type\":\"Organization\",\"@id\":\"https:\/\/ecabstech.com\/de\/#organization\",\"name\":\"eCabs Technologies\",\"url\":\"https:\/\/ecabstech.com\/de\/\",\"logo\":{\"@type\":\"ImageObject\",\"inLanguage\":\"de\",\"@id\":\"https:\/\/ecabstech.com\/de\/#\/schema\/logo\/image\/\",\"url\":\"https:\/\/ecabstech.com\/wp-content\/uploads\/2024\/10\/ecabstech_socialmediacover2.png\",\"contentUrl\":\"https:\/\/ecabstech.com\/wp-content\/uploads\/2024\/10\/ecabstech_socialmediacover2.png\",\"width\":1050,\"height\":541,\"caption\":\"eCabs Technologies\"},\"image\":{\"@id\":\"https:\/\/ecabstech.com\/de\/#\/schema\/logo\/image\/\"}}]}<\/script>\n<!-- \/ Yoast SEO plugin. -->","yoast_head_json":{"title":"Produkt - eCabs Technologies","robots":{"index":"index","follow":"follow","max-snippet":"max-snippet:-1","max-image-preview":"max-image-preview:large","max-video-preview":"max-video-preview:-1"},"canonical":"https:\/\/ecabstech.com\/de\/produkt\/","og_locale":"de_DE","og_type":"article","og_title":"Produkt - eCabs Technologies","og_url":"https:\/\/ecabstech.com\/de\/produkt\/","og_site_name":"eCabs Technologies","article_modified_time":"2026-02-24T10:09:23+00:00","twitter_card":"summary_large_image","twitter_misc":{"Gesch\u00e4tzte Lesezeit":"1\u00a0Minute"},"schema":{"@context":"https:\/\/schema.org","@graph":[{"@type":"WebPage","@id":"https:\/\/ecabstech.com\/de\/produkt\/","url":"https:\/\/ecabstech.com\/de\/produkt\/","name":"Produkt - eCabs Technologies","isPartOf":{"@id":"https:\/\/ecabstech.com\/de\/#website"},"datePublished":"2024-08-14T10:09:46+00:00","dateModified":"2026-02-24T10:09:23+00:00","breadcrumb":{"@id":"https:\/\/ecabstech.com\/de\/produkt\/#breadcrumb"},"inLanguage":"de","potentialAction":[{"@type":"ReadAction","target":["https:\/\/ecabstech.com\/de\/produkt\/"]}]},{"@type":"BreadcrumbList","@id":"https:\/\/ecabstech.com\/de\/produkt\/#breadcrumb","itemListElement":[{"@type":"ListItem","position":1,"name":"Home","item":"https:\/\/ecabstech.com\/de\/"},{"@type":"ListItem","position":2,"name":"Produkt"}]},{"@type":"WebSite","@id":"https:\/\/ecabstech.com\/de\/#website","url":"https:\/\/ecabstech.com\/de\/","name":"eCabs Technologies","description":"","publisher":{"@id":"https:\/\/ecabstech.com\/de\/#organization"},"potentialAction":[{"@type":"SearchAction","target":{"@type":"EntryPoint","urlTemplate":"https:\/\/ecabstech.com\/de\/?s={search_term_string}"},"query-input":{"@type":"PropertyValueSpecification","valueRequired":true,"valueName":"search_term_string"}}],"inLanguage":"de"},{"@type":"Organization","@id":"https:\/\/ecabstech.com\/de\/#organization","name":"eCabs Technologies","url":"https:\/\/ecabstech.com\/de\/","logo":{"@type":"ImageObject","inLanguage":"de","@id":"https:\/\/ecabstech.com\/de\/#\/schema\/logo\/image\/","url":"https:\/\/ecabstech.com\/wp-content\/uploads\/2024\/10\/ecabstech_socialmediacover2.png","contentUrl":"https:\/\/ecabstech.com\/wp-content\/uploads\/2024\/10\/ecabstech_socialmediacover2.png","width":1050,"height":541,"caption":"eCabs Technologies"},"image":{"@id":"https:\/\/ecabstech.com\/de\/#\/schema\/logo\/image\/"}}]}},"_links":{"self":[{"href":"https:\/\/ecabstech.com\/de\/wp-json\/wp\/v2\/pages\/5514","targetHints":{"allow":["GET"]}}],"collection":[{"href":"https:\/\/ecabstech.com\/de\/wp-json\/wp\/v2\/pages"}],"about":[{"href":"https:\/\/ecabstech.com\/de\/wp-json\/wp\/v2\/types\/page"}],"author":[{"embeddable":true,"href":"https:\/\/ecabstech.com\/de\/wp-json\/wp\/v2\/users\/2"}],"replies":[{"embeddable":true,"href":"https:\/\/ecabstech.com\/de\/wp-json\/wp\/v2\/comments?post=5514"}],"version-history":[{"count":13,"href":"https:\/\/ecabstech.com\/de\/wp-json\/wp\/v2\/pages\/5514\/revisions"}],"predecessor-version":[{"id":5912,"href":"https:\/\/ecabstech.com\/de\/wp-json\/wp\/v2\/pages\/5514\/revisions\/5912"}],"wp:attachment":[{"href":"https:\/\/ecabstech.com\/de\/wp-json\/wp\/v2\/media?parent=5514"}],"curies":[{"name":"wp","href":"https:\/\/api.w.org\/{rel}","templated":true}]}}